{"id":1925,"date":"2024-04-23T10:56:19","date_gmt":"2024-04-23T10:56:19","guid":{"rendered":"https:\/\/kecer.ro\/?page_id=1925"},"modified":"2024-04-24T09:55:29","modified_gmt":"2024-04-24T09:55:29","slug":"privacy-policy","status":"publish","type":"page","link":"https:\/\/kecer.ro\/ro\/privacy-policy\/","title":{"rendered":"Politica de confiden\u021bialitate"},"content":{"rendered":"<div data-elementor-type=\"wp-page\" data-elementor-id=\"1925\" class=\"elementor elementor-1925\">\n\t\t\t\t<div class=\"elementor-element elementor-element-93e3305 e-flex e-con-boxed e-con e-parent\" data-id=\"93e3305\" data-element_type=\"container\" data-e-type=\"container\">\n\t\t\t\t\t<div class=\"e-con-inner\">\n\t\t\t\t<div class=\"elementor-element elementor-element-1de10d8 elementor-widget elementor-widget-heading\" data-id=\"1de10d8\" data-element_type=\"widget\" data-e-type=\"widget\" data-widget_type=\"heading.default\">\n\t\t\t\t<div class=\"elementor-widget-container\">\n\t\t\t\t\t<h2 class=\"elementor-heading-title elementor-size-default\">Politica de confiden\u021bialitate<\/h2>\t\t\t\t<\/div>\n\t\t\t\t<\/div>\n\t\t\t\t<div class=\"elementor-element elementor-element-f3f4a04 elementor-widget elementor-widget-spacer\" data-id=\"f3f4a04\" data-element_type=\"widget\" data-e-type=\"widget\" data-widget_type=\"spacer.default\">\n\t\t\t\t<div class=\"elementor-widget-container\">\n\t\t\t\t\t\t\t<div class=\"elementor-spacer\">\n\t\t\t<div class=\"elementor-spacer-inner\"><\/div>\n\t\t<\/div>\n\t\t\t\t\t\t<\/div>\n\t\t\t\t<\/div>\n\t\t\t\t<div class=\"elementor-element elementor-element-64460ca elementor-widget elementor-widget-text-editor\" data-id=\"64460ca\" data-element_type=\"widget\" data-e-type=\"widget\" data-widget_type=\"text-editor.default\">\n\t\t\t\t<div class=\"elementor-widget-container\">\n\t\t\t\t\t\t\t\t\t<p>Prezenta Politic\u0103 de confiden\u021bialitate (\u201cPolitica\u201d) explic\u0103 modul \u00een care KECER WOODWORKS S.R.L. (denumit\u0103 \u00een continuare: \u201dKECER\u201d) colecteaz\u0103, utilizeaz\u0103 \u0219i gestioneaz\u0103 informa\u0163iile tale cu caracter personal. KECER se angajeaz\u0103 s\u0103 protejeze \u015fi s\u0103 \u00ee\u021bi respecte confiden\u021bialitatea. Cite\u015fte prezenta Politic\u0103 cu aten\u0163ie ca s\u0103 \u00een\u0163elegi de ce \u015fi cum colect\u0103m datele de la tine \u015fi cum vor fi utilizate.<\/p><p>Cu privire la datele cu caracter personal pe care le colect\u0103m, KECER este \u201coperator de date\u201d, adic\u0103 entitatea care stabile\u015fte scopurile pentru care \u015fi mijloacele prin care datele cu caracter personal sunt prelucrate.<\/p><p>\u00cen cazul \u00een care trebuie s\u0103 ne contactezi \u00een leg\u0103tur\u0103 cu informa\u0163iile tale cu caracter personal sau aceast\u0103 Politic\u0103, folose\u015fte urm\u0103toarele date de contact:<\/p><p>Denumirea companiei: KECER WOODWORKS S.R.L.<\/p><p>Adresa: 647\/P, Lupeni, jude\u021b Harghita, Rom\u00e2nia<\/p><p>Tel: 0749938848<\/p><p>\u00d8 Cum \u015fi c\u00e2nd colect\u0103m datele tale cu caracter personal?<\/p><p>Noi colect\u0103m informa\u0163iile tale cu caracter personal atunci c\u00e2nd acestea sunt relevante pentru nevoile tale de consumator sau afacerea noastr\u0103 (de ex. c\u00e2nd contactezi Serviciul de Rela\u0163ii Clien\u021bi KECER).<\/p><p>Noi ob\u021binem informa\u021biile tale cu caracter personal direct de la tine atunci c\u00e2nd comanzi anumite produse sau servicii sau completezi un anumit formular.<\/p><p>Vei g\u0103si mai multe informa\u021bii despre situa\u021biile \u0219i circumstan\u021bele pentru colectarea informa\u021biilor tale cu caracter personal de mai jos \u00een sec\u021biunea Pentru ce folosim datele tale cu caracter personal? Re\u0163ine c\u0103 acestea sunt doar informa\u021bii despre modalit\u0103\u021bile posibile de utilizare a datelor cu caracter personal pe care le po\u021bi \u00eent\u00e2lni vizit\u00e2nd magazinul \u0219i site-ul web https:\/\/kecer.ro\/, efectu\u00e2nd o achizi\u021bie la noi sau utiliz\u00e2nd serviciile noastre. \u00cen fiecare caz, vei primi informa\u021bii suplimentare clare despre scopul prelucr\u0103rii datelor tale \u0219i, \u00een unele cazuri, vom avea \u00een plus nevoie de consim\u021b\u0103m\u00e2ntul t\u0103u explicit.<\/p><p>Nu folosim datele tale cu caracter personal \u00een scopuri de marketing dec\u00e2t dac\u0103 ne spui tu c\u0103 este OK. Dac\u0103 dore\u015fti s\u0103 \u00ee\u0163i trimitem detalii despre produsele, serviciile ofertele \u015fi promo\u0163iile noastre.<\/p><p>Toate informa\u0163iile tale cu caracter personal sunt tratate \u00een mod confiden\u021bial \u0219i protejate corespunz\u0103tor de KECER \u0219i\/sau partenerii no\u015ftri de \u00eencredere .\n\u00d8 Ce informa\u0163ii colect\u0103m direct de la tine?<\/p><p>\u00d8 Ce informa\u0163ii colect\u0103m direct de la tine?<\/p><p>Categoriile obi\u015fnuite de date pe care le colect\u0103m de la clien\u0163ii KECER sunt urm\u0103toarele: nume, telefon, \u021bar\u0103, adres\u0103 de e-mail.<\/p><p>\u00d8 Unde sunt stocate datele tale cu caracter personal?<\/p><p>P\u0103str\u0103m datele cu caracter personal pe care le colect\u0103m despre tine \u00een medii sigure. Informa\u021biile tale cu caracter personale sunt protejate de accesul, divulgarea, utilizarea, modificarea sau distrugerea neautorizat\u0103 de c\u0103tre orice organiza\u021bie sau persoane fizice.<\/p><p>\u00d8 KECER distribuie datele mele ter\u021bilor?<\/p><p>Protec\u0163ia confiden\u0163ialit\u0103\u0163ii tale este important\u0103 pentru KECER , prin urmare, nu vom distribui niciodat\u0103 informa\u0163iile tale cu caracter personal unui ter\u0163 \u00een alte scopuri dec\u00e2t cele descrise \u00een prezenta Politic\u0103.<\/p><p>\u00d8 C\u00e2t timp \u00ee\u021bi p\u0103streaz\u0103 KECER datele cu caracter personal ?<\/p><p>KECER nu va p\u0103stra datele tale cu caracter personal pentru o perioad\u0103 mai lung\u0103 dec\u00e2t este necesar pentru \u00eendeplinirea scopului specific de utilizare.<\/p>\t\t\t\t\t\t\t\t<\/div>\n\t\t\t\t<\/div>\n\t\t\t\t\t<\/div>\n\t\t\t\t<\/div>\n\t\t\t\t<\/div>","protected":false},"excerpt":{"rendered":"<p>Adatv\u00e9delmi ir\u00e1nyelvek Ez a Szem\u00e9lyes Adatok V\u00e9delmi Politik\u00e1ja (&#8222;Politika&#8221;) magyar\u00e1zza, hogyan gy\u0171jti, haszn\u00e1lja \u00e9s kezeli az inform\u00e1ci\u00f3idat a KECER WOODWORKS Kft. (tov\u00e1bbiakban: \u201eKECER\u201d). A KECER elk\u00f6telezte mag\u00e1t az adatv\u00e9delem \u00e9s a mag\u00e1n\u00e9let tiszteletben tart\u00e1sa mellett. K\u00e9rj\u00fck, figyelmesen olvasd el ezt a Politik\u00e1t, hogy meg\u00e9rtsd, mi\u00e9rt \u00e9s hogyan gy\u0171jt\u00fcnk adatokat t\u0151led, valamint hogyan lesznek ezek haszn\u00e1lva. [&hellip;]<\/p>\n","protected":false},"author":1,"featured_media":1960,"parent":0,"menu_order":0,"comment_status":"closed","ping_status":"closed","template":"","meta":{"footnotes":""},"class_list":["post-1925","page","type-page","status-publish","has-post-thumbnail","hentry"],"blocksy_meta":[],"_links":{"self":[{"href":"https:\/\/kecer.ro\/ro\/wp-json\/wp\/v2\/pages\/1925","targetHints":{"allow":["GET"]}}],"collection":[{"href":"https:\/\/kecer.ro\/ro\/wp-json\/wp\/v2\/pages"}],"about":[{"href":"https:\/\/kecer.ro\/ro\/wp-json\/wp\/v2\/types\/page"}],"author":[{"embeddable":true,"href":"https:\/\/kecer.ro\/ro\/wp-json\/wp\/v2\/users\/1"}],"replies":[{"embeddable":true,"href":"https:\/\/kecer.ro\/ro\/wp-json\/wp\/v2\/comments?post=1925"}],"version-history":[{"count":20,"href":"https:\/\/kecer.ro\/ro\/wp-json\/wp\/v2\/pages\/1925\/revisions"}],"predecessor-version":[{"id":1975,"href":"https:\/\/kecer.ro\/ro\/wp-json\/wp\/v2\/pages\/1925\/revisions\/1975"}],"wp:featuredmedia":[{"embeddable":true,"href":"https:\/\/kecer.ro\/ro\/wp-json\/wp\/v2\/media\/1960"}],"wp:attachment":[{"href":"https:\/\/kecer.ro\/ro\/wp-json\/wp\/v2\/media?parent=1925"}],"curies":[{"name":"wp","href":"https:\/\/api.w.org\/{rel}","templated":true}]}}